{"id":1836,"date":"2023-07-25T11:42:22","date_gmt":"2023-07-25T09:42:22","guid":{"rendered":"https:\/\/www.kloentaltriennale.ch\/hinterland\/dev\/?page_id=1836"},"modified":"2024-11-18T10:57:35","modified_gmt":"2024-11-18T09:57:35","slug":"info","status":"publish","type":"page","link":"https:\/\/www.kloentaltriennale.ch\/hinterland\/dev\/?page_id=1836","title":{"rendered":"HINTERLAND"},"content":{"rendered":"<p>Begleitet wird die dritte Ausgabe der Kl\u00f6ntal Triennale von einer Serie von Beitr\u00e4gen, die im Vorlauf der Ausstellung als digitaler Stream hier auf dem Webportal erscheinen. In Form eines Gedanken- und Bilderflusses verkn\u00fcpfen sie historische und zuk\u00fcnftige Entwicklungen: vom Wasser- zum Datenstrom, von der industriellen Akkordarbeit zu flexiblen, hyperlokalen Jobs, von Menschenbewegungen und Warenfl\u00fcssen sowie dem Wandel von Infrastrukturen. Die Beitr\u00e4ge bereichern die im Kanton Glarus verortete Debatte zu Transformations- und Zustandsbeschreibungen in einem mannigfaltigen Themenfeld \u2013 von Poesie bis Politik, von Kunst bis Landschaftsplanung, von Feminismus bis \u00d6kologie.<\/p>\n<p>Webportal HINTERLAND<br \/>Editorial: Eveline Bernasconi, Gregor Huber, Sabine Rusterholz Petko<br \/>Design: Huber\/Sterzinger<br \/>Film: 7.16 Creative Studio<br \/>Lektorat &amp; Copywriting: Die W\u00f6rterei, Luzia Davi<br \/>Copyrights: die Autor*innen und Kl\u00f6ntal Triennale<\/p>\n<p>Verein Kl\u00f6ntal Triennale<br \/>Alexandra Bl\u00e4ttler, Co-Pr\u00e4sidentin<br \/>Sabine Rusterholz Petko, Co-Pr\u00e4sidentin<br \/>Kaspar Marti, Aktuar<\/p>\n<p>Kontakt: <a href=\"mailto:info@kloentaltriennale.ch\">info@kloentaltriennale.ch<\/a><br \/>Instagram: <a href=\"https:\/\/www.instagram.com\/kloental_triennale\/\">@kloental_triennale<\/a><\/p>\n<p>Dank:<br \/>Mit Unterst\u00fctzung des Bundesamts f\u00fcr Kultur und der Fachstelle Kultur des Kantons Z\u00fcrich im Rahmen des Programms \u00abTransformationsprojekte\u00bb der Covid-Finanzhilfen<\/p>\n\n\n<figure class=\"wp-block-image size-full is-resized\"><img loading=\"lazy\" decoding=\"async\" width=\"800\" height=\"184\" src=\"https:\/\/www.kloentaltriennale.ch\/hinterland\/dev\/wp-content\/uploads\/2023\/11\/Logo_FGE_MK_sw_300dpi_DE.jpg\" alt=\"\" class=\"wp-image-3138\" style=\"width:305px;height:auto\" srcset=\"https:\/\/www.kloentaltriennale.ch\/hinterland\/dev\/wp-content\/uploads\/2023\/11\/Logo_FGE_MK_sw_300dpi_DE.jpg 800w, https:\/\/www.kloentaltriennale.ch\/hinterland\/dev\/wp-content\/uploads\/2023\/11\/Logo_FGE_MK_sw_300dpi_DE-300x69.jpg 300w, https:\/\/www.kloentaltriennale.ch\/hinterland\/dev\/wp-content\/uploads\/2023\/11\/Logo_FGE_MK_sw_300dpi_DE-768x177.jpg 768w\" sizes=\"auto, (max-width: 800px) 100vw, 800px\" \/><\/figure>\n\n\n\n<figure class=\"wp-block-image size-full is-resized\"><img loading=\"lazy\" decoding=\"async\" width=\"800\" height=\"221\" src=\"https:\/\/www.kloentaltriennale.ch\/hinterland\/dev\/wp-content\/uploads\/2023\/11\/2021-11-26-065844.1942802021-11-24-055838.890444KantonGlarusLogo.jpg\" alt=\"\" class=\"wp-image-3135\" style=\"width:305px;height:auto\" srcset=\"https:\/\/www.kloentaltriennale.ch\/hinterland\/dev\/wp-content\/uploads\/2023\/11\/2021-11-26-065844.1942802021-11-24-055838.890444KantonGlarusLogo.jpg 800w, https:\/\/www.kloentaltriennale.ch\/hinterland\/dev\/wp-content\/uploads\/2023\/11\/2021-11-26-065844.1942802021-11-24-055838.890444KantonGlarusLogo-300x83.jpg 300w, https:\/\/www.kloentaltriennale.ch\/hinterland\/dev\/wp-content\/uploads\/2023\/11\/2021-11-26-065844.1942802021-11-24-055838.890444KantonGlarusLogo-768x212.jpg 768w\" sizes=\"auto, (max-width: 800px) 100vw, 800px\" \/><\/figure>\n\n\n\n<figure class=\"wp-block-image size-full is-resized\"><img loading=\"lazy\" decoding=\"async\" width=\"677\" height=\"230\" src=\"https:\/\/www.kloentaltriennale.ch\/hinterland\/dev\/wp-content\/uploads\/2023\/11\/636731449387799405-e1721216237911.jpg\" alt=\"\" class=\"wp-image-3136\" style=\"width:306px;height:auto\" srcset=\"https:\/\/www.kloentaltriennale.ch\/hinterland\/dev\/wp-content\/uploads\/2023\/11\/636731449387799405-e1721216237911.jpg 677w, https:\/\/www.kloentaltriennale.ch\/hinterland\/dev\/wp-content\/uploads\/2023\/11\/636731449387799405-e1721216237911-300x102.jpg 300w\" sizes=\"auto, (max-width: 677px) 100vw, 677px\" \/><\/figure>\n\n\n\n<p><\/p>\n","protected":false},"excerpt":{"rendered":"<p>Begleitet wird die dritte Ausgabe der Kl\u00f6ntal Triennale von einer Serie von Beitr\u00e4gen, die im Vorlauf der Ausstellung als digitaler Stream hier auf dem Webportal erscheinen. In Form eines Gedanken- [&hellip;]<\/p>\n","protected":false},"author":1,"featured_media":0,"parent":0,"menu_order":0,"comment_status":"closed","ping_status":"closed","template":"info_page","meta":{"_EventAllDay":false,"_EventTimezone":"","_EventStartDate":"","_EventEndDate":"","_EventStartDateUTC":"","_EventEndDateUTC":"","_EventShowMap":false,"_EventShowMapLink":false,"_EventURL":"","_EventCost":"","_EventCostDescription":"","_EventCurrencySymbol":"","_EventCurrencyCode":"","_EventCurrencyPosition":"","_EventDateTimeSeparator":"","_EventTimeRangeSeparator":"","_EventOrganizerID":[],"_EventVenueID":[],"_OrganizerEmail":"","_OrganizerPhone":"","_OrganizerWebsite":"","_VenueAddress":"","_VenueCity":"","_VenueCountry":"","_VenueProvince":"","_VenueState":"","_VenueZip":"","_VenuePhone":"","_VenueURL":"","_VenueStateProvince":"","_VenueLat":"","_VenueLng":"","_VenueShowMap":false,"_VenueShowMapLink":false,"footnotes":""},"class_list":["post-1836","page","type-page","status-publish","hentry"],"_links":{"self":[{"href":"https:\/\/www.kloentaltriennale.ch\/hinterland\/dev\/index.php?rest_route=\/wp\/v2\/pages\/1836","targetHints":{"allow":["GET"]}}],"collection":[{"href":"https:\/\/www.kloentaltriennale.ch\/hinterland\/dev\/index.php?rest_route=\/wp\/v2\/pages"}],"about":[{"href":"https:\/\/www.kloentaltriennale.ch\/hinterland\/dev\/index.php?rest_route=\/wp\/v2\/types\/page"}],"author":[{"embeddable":true,"href":"https:\/\/www.kloentaltriennale.ch\/hinterland\/dev\/index.php?rest_route=\/wp\/v2\/users\/1"}],"replies":[{"embeddable":true,"href":"https:\/\/www.kloentaltriennale.ch\/hinterland\/dev\/index.php?rest_route=%2Fwp%2Fv2%2Fcomments&post=1836"}],"version-history":[{"count":67,"href":"https:\/\/www.kloentaltriennale.ch\/hinterland\/dev\/index.php?rest_route=\/wp\/v2\/pages\/1836\/revisions"}],"predecessor-version":[{"id":5232,"href":"https:\/\/www.kloentaltriennale.ch\/hinterland\/dev\/index.php?rest_route=\/wp\/v2\/pages\/1836\/revisions\/5232"}],"wp:attachment":[{"href":"https:\/\/www.kloentaltriennale.ch\/hinterland\/dev\/index.php?rest_route=%2Fwp%2Fv2%2Fmedia&parent=1836"}],"curies":[{"name":"wp","href":"https:\/\/api.w.org\/{rel}","templated":true}]}}